{"id":6089,"date":"2016-11-01T00:00:44","date_gmt":"2016-11-01T00:00:44","guid":{"rendered":"http:\/\/www.latorre.cat\/terrazas-y-chill-out\/"},"modified":"2020-06-03T12:42:41","modified_gmt":"2020-06-03T12:42:41","slug":"terrazas-y-chill-out","status":"publish","type":"page","link":"https:\/\/www.latorre.cat\/es\/instalaciones-y-servicios\/terrazas-y-chill-out\/","title":{"rendered":"Terrazas y Chill-out"},"content":{"rendered":"<p><div class=\"fusion-fullwidth fullwidth-box fusion-builder-row-1 nonhundred-percent-fullwidth non-hundred-percent-height-scrolling\" style=\"--awb-border-radius-top-left:0px;--awb-border-radius-top-right:0px;--awb-border-radius-bottom-right:0px;--awb-border-radius-bottom-left:0px;--awb-margin-top:35px;--awb-margin-bottom:0px;--awb-flex-wrap:wrap;\" ><div class=\"fusion-builder-row fusion-row\"><div class=\"fusion-layout-column fusion_builder_column fusion-builder-column-0 fusion_builder_column_1_1 1_1 fusion-one-full fusion-column-first fusion-column-last\" style=\"--awb-bg-size:cover;\"><div class=\"fusion-column-wrapper fusion-flex-column-wrapper-legacy\"><div class=\"fusion-title title fusion-title-1 fusion-sep-none fusion-title-text fusion-title-size-one\" style=\"--awb-sep-color:#81d742;\"><h1 class=\"fusion-title-heading title-heading-left fusion-responsive-typography-calculated\" style=\"margin:0;--fontSize:70;line-height:1.07;\">Terrazas y Chill-out<\/h1><\/div><div class=\"fusion-sep-clear\"><\/div><div class=\"fusion-separator fusion-full-width-sep\" style=\"margin-left: auto;margin-right: auto;margin-top:5px;margin-bottom:15px;width:100%;\"><div class=\"fusion-separator-border sep-single sep-solid\" style=\"--awb-height:20px;--awb-amount:20px;border-color:#d7e6ef;border-top-width:1px;\"><\/div><\/div><div class=\"fusion-sep-clear\"><\/div><div class=\"fusion-clearfix\"><\/div><\/div><\/div><\/div><\/div><div class=\"fusion-fullwidth fullwidth-box fusion-builder-row-2 nonhundred-percent-fullwidth non-hundred-percent-height-scrolling\" style=\"--awb-background-position:left top;--awb-border-radius-top-left:0px;--awb-border-radius-top-right:0px;--awb-border-radius-bottom-right:0px;--awb-border-radius-bottom-left:0px;--awb-margin-top:0px;--awb-margin-bottom:0px;--awb-flex-wrap:wrap;\" ><div class=\"fusion-builder-row fusion-row\"><div class=\"fusion-layout-column fusion_builder_column fusion-builder-column-1 fusion_builder_column_2_5 2_5 fusion-two-fifth fusion-column-first text_Lato_300_italic\" style=\"--awb-padding-top:10px;--awb-padding-right:10px;--awb-padding-bottom:10px;--awb-padding-left:10px;--awb-bg-size:cover;--awb-border-color:#81d742;--awb-border-top:0px;--awb-border-right:0px;--awb-border-bottom:0px;--awb-border-left:0px;--awb-border-style:solid;--awb-margin-bottom:0px;\"><div class=\"fusion-column-wrapper fusion-flex-column-wrapper-legacy\"><div class=\"fusion-text fusion-text-1\"><p><em>Un refresco o un vermut a cualquier hora del dia, o bien un \u201ccremat\u201d al atardecer en la magn\u00edfica terraza de Els Tres Pins, contemplando el reflejo de la luna sobre el mar, har\u00e1n de su estancia una experiencia \u00fanica.<\/em><\/p>\n<\/div><div class=\"fusion-sep-clear\"><\/div><div class=\"fusion-separator fusion-full-width-sep\" style=\"margin-left: auto;margin-right: auto;margin-top:-10px;margin-bottom:0px;width:100%;\"><\/div><div class=\"fusion-sep-clear\"><\/div><ul style=\"--awb-size:13px;--awb-line-height:22.1px;--awb-icon-width:22.1px;--awb-icon-height:22.1px;--awb-icon-margin:9.1px;--awb-content-margin:31.2px;\" class=\"fusion-checklist fusion-checklist-1 fusion-checklist-default type-icons\"><li class=\"fusion-li-item\" style=\"\"><span class=\"icon-wrapper circle-no\"><i class=\"fusion-li-icon fa fa-check\" aria-hidden=\"true\"><\/i><\/span><div class=\"fusion-li-item-content\">Terrazas en primera l\u00ednea del mar<\/div><\/li><li class=\"fusion-li-item\" style=\"\"><span class=\"icon-wrapper circle-no\"><i class=\"fusion-li-icon fa fa-check\" aria-hidden=\"true\"><\/i><\/span><div class=\"fusion-li-item-content\">Bar abierto al p\u00fablico<\/div><\/li><li class=\"fusion-li-item\" style=\"\"><span class=\"icon-wrapper circle-no\"><i class=\"fusion-li-icon fa fa-check\" aria-hidden=\"true\"><\/i><\/span><div class=\"fusion-li-item-content\">Bar abierto hasta el anochecer<\/div><\/li><li class=\"fusion-li-item\" style=\"\"><span class=\"icon-wrapper circle-no\"><i class=\"fusion-li-icon fa fa-check\" aria-hidden=\"true\"><\/i><\/span><div class=\"fusion-li-item-content\">Wifi<\/div><\/li><\/ul><div class=\"fusion-clearfix\"><\/div><\/div><\/div><div class=\"fusion-layout-column fusion_builder_column fusion-builder-column-2 fusion_builder_column_3_5 3_5 fusion-three-fifth fusion-column-last\" style=\"--awb-padding-top:30px;--awb-padding-right:20px;--awb-padding-left:40px;--awb-bg-size:cover;--awb-border-color:#8224e3;--awb-border-style:solid;--awb-margin-bottom:0px;\" id=\"galeria\"><div class=\"fusion-column-wrapper fusion-column-has-shadow fusion-flex-column-wrapper-legacy\"><div class=\"fusion-column-content-centered\"><div class=\"fusion-column-content\"><div class=\"awb-gallery-wrapper awb-gallery-wrapper-1 button-span-no\"><div style=\"margin:-7px;--awb-bordersize:0px;\" class=\"fusion-gallery fusion-gallery-container fusion-grid-2 fusion-columns-total-6 fusion-gallery-layout-grid fusion-gallery-1\"><div style=\"padding:7.5px;\" class=\"fusion-grid-column fusion-gallery-column fusion-gallery-column-2 hover-type-none\"><div class=\"fusion-gallery-image\"><a href=\"https:\/\/www.latorre.cat\/WS\/wp-content\/uploads\/20150924-10559-@1500x1000-1.jpg\" rel=\"noreferrer\" data-rel=\"iLightbox[gallery_image_1]\" class=\"fusion-lightbox\" target=\"_self\"><img decoding=\"async\" src=\"https:\/\/www.latorre.cat\/WS\/wp-content\/uploads\/20150924-10559-@1500x1000-1.jpg\" data-orig-src=\"https:\/\/www.latorre.cat\/WS\/wp-content\/uploads\/20150924-10559-@1500x1000-1.jpg\" width=\"1500\" height=\"1000\" alt=\"\" title=\"Hotel La Torre &#8211; Jardins i terrasses\" aria-label=\"Hotel La Torre &#8211; Jardins i terrasses\" class=\"lazyload img-responsive wp-image-8985\" srcset=\"data:image\/svg+xml,%3Csvg%20xmlns%3D%27http%3A%2F%2Fwww.w3.org%2F2000%2Fsvg%27%20width%3D%271500%27%20height%3D%271000%27%20viewBox%3D%270%200%201500%201000%27%3E%3Crect%20width%3D%271500%27%20height%3D%271000%27%20fill-opacity%3D%220%22%2F%3E%3C%2Fsvg%3E\" data-srcset=\"https:\/\/www.latorre.cat\/WS\/wp-content\/uploads\/20150924-10559-@1500x1000-1-200x133.jpg 200w, https:\/\/www.latorre.cat\/WS\/wp-content\/uploads\/20150924-10559-@1500x1000-1-400x267.jpg 400w, https:\/\/www.latorre.cat\/WS\/wp-content\/uploads\/20150924-10559-@1500x1000-1-600x400.jpg 600w, https:\/\/www.latorre.cat\/WS\/wp-content\/uploads\/20150924-10559-@1500x1000-1-800x533.jpg 800w, https:\/\/www.latorre.cat\/WS\/wp-content\/uploads\/20150924-10559-@1500x1000-1-1200x800.jpg 1200w, https:\/\/www.latorre.cat\/WS\/wp-content\/uploads\/20150924-10559-@1500x1000-1.jpg 1500w\" data-sizes=\"auto\" data-orig-sizes=\"(min-width: 2200px) 100vw, (min-width: 692px) 497px, (min-width: 640px) 692px, \" \/><\/a><\/div><\/div><div style=\"padding:7.5px;\" class=\"fusion-grid-column fusion-gallery-column fusion-gallery-column-2 hover-type-none\"><div class=\"fusion-gallery-image\"><a href=\"https:\/\/www.latorre.cat\/WS\/wp-content\/uploads\/20150924-DJI_0026-@1500x1000-1.jpg\" rel=\"noreferrer\" data-rel=\"iLightbox[gallery_image_1]\" class=\"fusion-lightbox\" target=\"_self\"><img decoding=\"async\" src=\"https:\/\/www.latorre.cat\/WS\/wp-content\/uploads\/20150924-DJI_0026-@1500x1000-1.jpg\" data-orig-src=\"https:\/\/www.latorre.cat\/WS\/wp-content\/uploads\/20150924-DJI_0026-@1500x1000-1.jpg\" width=\"1500\" height=\"1000\" alt=\"\" title=\"Hotel La Torre &#8211; Jardins i terrasses\" aria-label=\"Hotel La Torre &#8211; Jardins i terrasses\" class=\"lazyload img-responsive wp-image-9086\" srcset=\"data:image\/svg+xml,%3Csvg%20xmlns%3D%27http%3A%2F%2Fwww.w3.org%2F2000%2Fsvg%27%20width%3D%271500%27%20height%3D%271000%27%20viewBox%3D%270%200%201500%201000%27%3E%3Crect%20width%3D%271500%27%20height%3D%271000%27%20fill-opacity%3D%220%22%2F%3E%3C%2Fsvg%3E\" data-srcset=\"https:\/\/www.latorre.cat\/WS\/wp-content\/uploads\/20150924-DJI_0026-@1500x1000-1-200x133.jpg 200w, https:\/\/www.latorre.cat\/WS\/wp-content\/uploads\/20150924-DJI_0026-@1500x1000-1-400x267.jpg 400w, https:\/\/www.latorre.cat\/WS\/wp-content\/uploads\/20150924-DJI_0026-@1500x1000-1-600x400.jpg 600w, https:\/\/www.latorre.cat\/WS\/wp-content\/uploads\/20150924-DJI_0026-@1500x1000-1-800x533.jpg 800w, https:\/\/www.latorre.cat\/WS\/wp-content\/uploads\/20150924-DJI_0026-@1500x1000-1-1200x800.jpg 1200w, https:\/\/www.latorre.cat\/WS\/wp-content\/uploads\/20150924-DJI_0026-@1500x1000-1.jpg 1500w\" data-sizes=\"auto\" data-orig-sizes=\"(min-width: 2200px) 100vw, (min-width: 692px) 497px, (min-width: 640px) 692px, \" \/><\/a><\/div><\/div><div class=\"clearfix\"><\/div><div style=\"padding:7.5px;\" class=\"fusion-grid-column fusion-gallery-column fusion-gallery-column-2 hover-type-none\"><div class=\"fusion-gallery-image\"><a href=\"https:\/\/www.latorre.cat\/WS\/wp-content\/uploads\/20150924-10565-@1500x1000-1.jpg\" rel=\"noreferrer\" data-rel=\"iLightbox[gallery_image_1]\" class=\"fusion-lightbox\" target=\"_self\"><img decoding=\"async\" src=\"https:\/\/www.latorre.cat\/WS\/wp-content\/uploads\/20150924-10565-@1500x1000-1.jpg\" data-orig-src=\"https:\/\/www.latorre.cat\/WS\/wp-content\/uploads\/20150924-10565-@1500x1000-1.jpg\" width=\"1500\" height=\"1000\" alt=\"\" title=\"Hotel La Torre &#8211; Jardins i terrasses\" aria-label=\"Hotel La Torre &#8211; Jardins i terrasses\" class=\"lazyload img-responsive wp-image-8990\" srcset=\"data:image\/svg+xml,%3Csvg%20xmlns%3D%27http%3A%2F%2Fwww.w3.org%2F2000%2Fsvg%27%20width%3D%271500%27%20height%3D%271000%27%20viewBox%3D%270%200%201500%201000%27%3E%3Crect%20width%3D%271500%27%20height%3D%271000%27%20fill-opacity%3D%220%22%2F%3E%3C%2Fsvg%3E\" data-srcset=\"https:\/\/www.latorre.cat\/WS\/wp-content\/uploads\/20150924-10565-@1500x1000-1-200x133.jpg 200w, https:\/\/www.latorre.cat\/WS\/wp-content\/uploads\/20150924-10565-@1500x1000-1-400x267.jpg 400w, https:\/\/www.latorre.cat\/WS\/wp-content\/uploads\/20150924-10565-@1500x1000-1-600x400.jpg 600w, https:\/\/www.latorre.cat\/WS\/wp-content\/uploads\/20150924-10565-@1500x1000-1-800x533.jpg 800w, https:\/\/www.latorre.cat\/WS\/wp-content\/uploads\/20150924-10565-@1500x1000-1-1200x800.jpg 1200w, https:\/\/www.latorre.cat\/WS\/wp-content\/uploads\/20150924-10565-@1500x1000-1.jpg 1500w\" data-sizes=\"auto\" data-orig-sizes=\"(min-width: 2200px) 100vw, (min-width: 692px) 497px, (min-width: 640px) 692px, \" \/><\/a><\/div><\/div><div style=\"padding:7.5px;\" class=\"fusion-grid-column fusion-gallery-column fusion-gallery-column-2 hover-type-none\"><div class=\"fusion-gallery-image\"><a href=\"https:\/\/www.latorre.cat\/WS\/wp-content\/uploads\/20160804-13059-@1500x1000-1.jpg\" rel=\"noreferrer\" data-rel=\"iLightbox[gallery_image_1]\" class=\"fusion-lightbox\" target=\"_self\"><img decoding=\"async\" src=\"https:\/\/www.latorre.cat\/WS\/wp-content\/uploads\/20160804-13059-@1500x1000-1.jpg\" data-orig-src=\"https:\/\/www.latorre.cat\/WS\/wp-content\/uploads\/20160804-13059-@1500x1000-1.jpg\" width=\"1500\" height=\"1000\" alt=\"\" title=\"Hotel La Torre &#8211; Jardins i terrasses\" aria-label=\"Hotel La Torre &#8211; Jardins i terrasses\" class=\"lazyload img-responsive wp-image-9180\" srcset=\"data:image\/svg+xml,%3Csvg%20xmlns%3D%27http%3A%2F%2Fwww.w3.org%2F2000%2Fsvg%27%20width%3D%271500%27%20height%3D%271000%27%20viewBox%3D%270%200%201500%201000%27%3E%3Crect%20width%3D%271500%27%20height%3D%271000%27%20fill-opacity%3D%220%22%2F%3E%3C%2Fsvg%3E\" data-srcset=\"https:\/\/www.latorre.cat\/WS\/wp-content\/uploads\/20160804-13059-@1500x1000-1-200x133.jpg 200w, https:\/\/www.latorre.cat\/WS\/wp-content\/uploads\/20160804-13059-@1500x1000-1-400x267.jpg 400w, https:\/\/www.latorre.cat\/WS\/wp-content\/uploads\/20160804-13059-@1500x1000-1-600x400.jpg 600w, https:\/\/www.latorre.cat\/WS\/wp-content\/uploads\/20160804-13059-@1500x1000-1-800x533.jpg 800w, https:\/\/www.latorre.cat\/WS\/wp-content\/uploads\/20160804-13059-@1500x1000-1-1200x800.jpg 1200w, https:\/\/www.latorre.cat\/WS\/wp-content\/uploads\/20160804-13059-@1500x1000-1.jpg 1500w\" data-sizes=\"auto\" data-orig-sizes=\"(min-width: 2200px) 100vw, (min-width: 692px) 497px, (min-width: 640px) 692px, \" \/><\/a><\/div><\/div><div class=\"clearfix\"><\/div><div style=\"padding:7.5px;\" class=\"fusion-grid-column fusion-gallery-column fusion-gallery-column-2 hover-type-none\"><div class=\"fusion-gallery-image\"><a href=\"https:\/\/www.latorre.cat\/WS\/wp-content\/uploads\/20160804-13089-@1500x1000-1.jpg\" rel=\"noreferrer\" data-rel=\"iLightbox[gallery_image_1]\" class=\"fusion-lightbox\" target=\"_self\"><img decoding=\"async\" src=\"https:\/\/www.latorre.cat\/WS\/wp-content\/uploads\/20160804-13089-@1500x1000-1.jpg\" data-orig-src=\"https:\/\/www.latorre.cat\/WS\/wp-content\/uploads\/20160804-13089-@1500x1000-1.jpg\" width=\"1500\" height=\"1000\" alt=\"\" title=\"Hotel La Torre &#8211; Jardins i terrasses\" aria-label=\"Hotel La Torre &#8211; Jardins i terrasses\" class=\"lazyload img-responsive wp-image-9195\" srcset=\"data:image\/svg+xml,%3Csvg%20xmlns%3D%27http%3A%2F%2Fwww.w3.org%2F2000%2Fsvg%27%20width%3D%271500%27%20height%3D%271000%27%20viewBox%3D%270%200%201500%201000%27%3E%3Crect%20width%3D%271500%27%20height%3D%271000%27%20fill-opacity%3D%220%22%2F%3E%3C%2Fsvg%3E\" data-srcset=\"https:\/\/www.latorre.cat\/WS\/wp-content\/uploads\/20160804-13089-@1500x1000-1-200x133.jpg 200w, https:\/\/www.latorre.cat\/WS\/wp-content\/uploads\/20160804-13089-@1500x1000-1-400x267.jpg 400w, https:\/\/www.latorre.cat\/WS\/wp-content\/uploads\/20160804-13089-@1500x1000-1-600x400.jpg 600w, https:\/\/www.latorre.cat\/WS\/wp-content\/uploads\/20160804-13089-@1500x1000-1-800x533.jpg 800w, https:\/\/www.latorre.cat\/WS\/wp-content\/uploads\/20160804-13089-@1500x1000-1-1200x800.jpg 1200w, https:\/\/www.latorre.cat\/WS\/wp-content\/uploads\/20160804-13089-@1500x1000-1.jpg 1500w\" data-sizes=\"auto\" data-orig-sizes=\"(min-width: 2200px) 100vw, (min-width: 692px) 497px, (min-width: 640px) 692px, \" \/><\/a><\/div><\/div><div style=\"padding:7.5px;\" class=\"fusion-grid-column fusion-gallery-column fusion-gallery-column-2 hover-type-none\"><div class=\"fusion-gallery-image\"><a href=\"https:\/\/www.latorre.cat\/WS\/wp-content\/uploads\/20150924-10459-@1500x1000-1.jpg\" rel=\"noreferrer\" data-rel=\"iLightbox[gallery_image_1]\" class=\"fusion-lightbox\" target=\"_self\"><img decoding=\"async\" src=\"https:\/\/www.latorre.cat\/WS\/wp-content\/uploads\/20150924-10459-@1500x1000-1.jpg\" data-orig-src=\"https:\/\/www.latorre.cat\/WS\/wp-content\/uploads\/20150924-10459-@1500x1000-1.jpg\" width=\"1500\" height=\"1000\" alt=\"\" title=\"Hotel La Torre &#8211; Jardins i terrasses\" aria-label=\"Hotel La Torre &#8211; Jardins i terrasses\" class=\"lazyload img-responsive wp-image-8925\" srcset=\"data:image\/svg+xml,%3Csvg%20xmlns%3D%27http%3A%2F%2Fwww.w3.org%2F2000%2Fsvg%27%20width%3D%271500%27%20height%3D%271000%27%20viewBox%3D%270%200%201500%201000%27%3E%3Crect%20width%3D%271500%27%20height%3D%271000%27%20fill-opacity%3D%220%22%2F%3E%3C%2Fsvg%3E\" data-srcset=\"https:\/\/www.latorre.cat\/WS\/wp-content\/uploads\/20150924-10459-@1500x1000-1-200x133.jpg 200w, https:\/\/www.latorre.cat\/WS\/wp-content\/uploads\/20150924-10459-@1500x1000-1-400x267.jpg 400w, https:\/\/www.latorre.cat\/WS\/wp-content\/uploads\/20150924-10459-@1500x1000-1-600x400.jpg 600w, https:\/\/www.latorre.cat\/WS\/wp-content\/uploads\/20150924-10459-@1500x1000-1-800x533.jpg 800w, https:\/\/www.latorre.cat\/WS\/wp-content\/uploads\/20150924-10459-@1500x1000-1-1200x800.jpg 1200w, https:\/\/www.latorre.cat\/WS\/wp-content\/uploads\/20150924-10459-@1500x1000-1.jpg 1500w\" data-sizes=\"auto\" data-orig-sizes=\"(min-width: 2200px) 100vw, (min-width: 692px) 497px, (min-width: 640px) 692px, \" \/><\/a><\/div><\/div><div class=\"clearfix\"><\/div><\/div><\/div>\n<div class=\"fusion-text fusion-text-2\"><div style=\"margin-top: 10px; text-align: center;\"><i class=\"fb-icon-element-1 fb-icon-element fontawesome-icon fa fa-camera-retro circle-no fusion-text-flow\" style=\"--awb-iconcolor-hover:#cc4137;--awb-circlecolor:#f7f9f9;--awb-font-size:20px;--awb-margin-right:10px;\"><\/i><a style=\"color: #cc4137; font-size: 16px; font-weight: bold; font-style: italic;\" href=\"https:\/\/www.latorre.cat\/es\/instalaciones-y-servicios\/galeria-fotografica-hotel\/\">\u00bfQuiere ver m\u00e1s fotograf\u00edas del hotel?<\/a><\/div>\n<\/div><\/div><\/div><div class=\"fusion-clearfix\"><\/div><\/div><\/div><\/div><\/div><div class=\"fusion-fullwidth fullwidth-box fusion-builder-row-3 nonhundred-percent-fullwidth non-hundred-percent-height-scrolling\" style=\"--awb-border-radius-top-left:0px;--awb-border-radius-top-right:0px;--awb-border-radius-bottom-right:0px;--awb-border-radius-bottom-left:0px;--awb-flex-wrap:wrap;\" ><div class=\"fusion-builder-row fusion-row\"><div class=\"fusion-layout-column fusion_builder_column fusion-builder-column-3 fusion_builder_column_1_1 1_1 fusion-one-full fusion-column-first fusion-column-last fusion-column-no-min-height\" style=\"--awb-bg-size:cover;--awb-margin-bottom:0px;\"><div class=\"fusion-column-wrapper fusion-flex-column-wrapper-legacy\"><div class=\"fusion-sep-clear\"><\/div><div class=\"fusion-separator fusion-full-width-sep\" style=\"margin-left: auto;margin-right: auto;margin-top:20px;margin-bottom:5px;width:100%;\"><div class=\"fusion-separator-border sep-single sep-solid\" style=\"--awb-height:20px;--awb-amount:20px;border-color:#d7e6ef;border-top-width:1px;\"><\/div><\/div><div class=\"fusion-sep-clear\"><\/div><div class=\"fusion-widget-area awb-widget-area-element fusion-widget-area-1 fusion-content-widget-area\" style=\"--awb-title-size:23px;--awb-title-color:#333333;--awb-padding:5px 5px 5px 5px;\"><div id=\"a2a_share_save_widget-2\" class=\"widget widget_a2a_share_save_widget\" style=\"border-style: solid;border-color:transparent;border-width:0px;\"><div class=\"a2a_kit a2a_kit_size_20 addtoany_list\"><a class=\"a2a_button_facebook_like addtoany_special_service\" data-layout=\"button\" data-href=\"https:\/\/www.latorre.cat\/es\/wp-json\/wp\/v2\/pages\/6089\"><\/a><a class=\"a2a_button_twitter_tweet addtoany_special_service\" data-url=\"https:\/\/www.latorre.cat\/es\/wp-json\/wp\/v2\/pages\/6089\" data-text=\"\"><\/a><a class=\"a2a_button_pinterest_pin addtoany_special_service\" data-pin-config=\"none\" data-url=\"https:\/\/www.latorre.cat\/es\/wp-json\/wp\/v2\/pages\/6089\"><\/a><a class=\"a2a_button_facebook\" href=\"https:\/\/www.addtoany.com\/add_to\/facebook?linkurl=https%3A%2F%2Fwww.latorre.cat%2Fes%2Fwp-json%2Fwp%2Fv2%2Fpages%2F6089&amp;linkname=\" title=\"Facebook\" rel=\"nofollow noopener\" target=\"_blank\"><\/a><a class=\"a2a_button_whatsapp\" href=\"https:\/\/www.addtoany.com\/add_to\/whatsapp?linkurl=https%3A%2F%2Fwww.latorre.cat%2Fes%2Fwp-json%2Fwp%2Fv2%2Fpages%2F6089&amp;linkname=\" title=\"WhatsApp\" rel=\"nofollow noopener\" target=\"_blank\"><\/a><a class=\"a2a_button_email\" href=\"https:\/\/www.addtoany.com\/add_to\/email?linkurl=https%3A%2F%2Fwww.latorre.cat%2Fes%2Fwp-json%2Fwp%2Fv2%2Fpages%2F6089&amp;linkname=\" title=\"Email\" rel=\"nofollow noopener\" target=\"_blank\"><\/a><a class=\"a2a_dd addtoany_share_save addtoany_share\" href=\"https:\/\/www.addtoany.com\/share\"><\/a><\/div><\/div><div class=\"fusion-additional-widget-content\"><\/div><\/div><div class=\"fusion-clearfix\"><\/div><\/div><\/div><\/div><\/div><\/p>\n","protected":false},"excerpt":{"rendered":"","protected":false},"author":1,"featured_media":0,"parent":6153,"menu_order":8,"comment_status":"closed","ping_status":"closed","template":"100-width.php","meta":{"_seopress_robots_primary_cat":"","_seopress_titles_title":"","_seopress_titles_desc":"","_seopress_robots_index":"","footnotes":""},"class_list":["post-6089","page","type-page","status-publish"],"_links":{"self":[{"href":"https:\/\/www.latorre.cat\/es\/wp-json\/wp\/v2\/pages\/6089","targetHints":{"allow":["GET"]}}],"collection":[{"href":"https:\/\/www.latorre.cat\/es\/wp-json\/wp\/v2\/pages"}],"about":[{"href":"https:\/\/www.latorre.cat\/es\/wp-json\/wp\/v2\/types\/page"}],"author":[{"embeddable":true,"href":"https:\/\/www.latorre.cat\/es\/wp-json\/wp\/v2\/users\/1"}],"replies":[{"embeddable":true,"href":"https:\/\/www.latorre.cat\/es\/wp-json\/wp\/v2\/comments?post=6089"}],"version-history":[{"count":0,"href":"https:\/\/www.latorre.cat\/es\/wp-json\/wp\/v2\/pages\/6089\/revisions"}],"up":[{"embeddable":true,"href":"https:\/\/www.latorre.cat\/es\/wp-json\/wp\/v2\/pages\/6153"}],"wp:attachment":[{"href":"https:\/\/www.latorre.cat\/es\/wp-json\/wp\/v2\/media?parent=6089"}],"curies":[{"name":"wp","href":"https:\/\/api.w.org\/{rel}","templated":true}]}}